{"id":1549,"date":"2011-12-19T09:38:17","date_gmt":"2011-12-19T08:38:17","guid":{"rendered":"http:\/\/www.zupa-leopold-mandic.hr\/?page_id=1549"},"modified":"2018-09-30T16:00:25","modified_gmt":"2018-09-30T15:00:25","slug":"linkovi","status":"publish","type":"page","link":"http:\/\/www.zupa-leopold-mandic.hr\/?page_id=1549","title":{"rendered":"Poveznice"},"content":{"rendered":"<p><strong>Katoli\u010dki mediji<\/strong><\/p>\n<ul>\n<li><strong>Agencije<\/strong>\n<ul>\n<li><a href=\"http:\/\/www.ika.hr\" target=\"_blank\">Inf. katoli\u010dka agencija IKA<\/a><\/li>\n<li><a href=\"http:\/\/www.ktabkbih.net\/\" target=\"_blank\">Katoli\u010dka tiskovna agencija BIH<\/a><\/li>\n<\/ul>\n<\/li>\n<li><strong>Katoli\u010dki tisak i izdava\u010dke ku\u0107e<br \/>\n<\/strong><\/p>\n<ul>\n<li><a href=\"http:\/\/www.ksc.hr\/dbd.htm\" target=\"_blank\">Don Bosco danas &#8211; Salezijanski vjesnik<\/a><\/li>\n<li><a href=\"http:\/\/www.glas-koncila.hr\/portal.html\" target=\"_blank\">Glas Koncila &#8211; katoli\u010dki tjednik i izdava\u010dka ku\u0107a<\/a><\/li>\n<li><a href=\"http:\/\/www.hkz-mi.hr\/\" target=\"_blank\">Hrvatski katoli\u010dki zbor &#8220;MI&#8221;<\/a><\/li>\n<li><a href=\"http:\/\/www.salesiana.hr\/index.php?option=com_content&amp;view=section&amp;layout=blog&amp;id=1&amp;Itemid=59\" target=\"_blank\">Kateheza &#8211; \u010dasopis za vjeronauk<\/a><\/li>\n<li><a href=\"http:\/\/www.ks.hr\/\" target=\"_blank\">Kr\u0161\u0107anska sada\u0161njost\u00a0<\/a><\/li>\n<li><a href=\"http:\/\/www.glas-koncila.hr\/mak\/\" target=\"_blank\">Mali koncil &#8211; dje\u010dji mjese\u010dni list<\/a><\/li>\n<li><a href=\"http:\/\/www.pogled.org\/index.htm\" target=\"_blank\">Pogled &#8211; katoli\u010dki list za mlade<\/a><\/li>\n<li><a href=\"http:\/\/www.svjetlorijeci.ba\/\" target=\"_blank\">Svjetlo rije\u010di &#8211; katoli\u010dki list<\/a><\/li>\n<li><a href=\"http:\/\/www.ver.hr\/\" target=\"_blank\">Veritas &#8211; Glasnik sv. Antuna Padovanskoga<\/a><\/li>\n<li><a href=\"http:\/\/www.veritas.com.hr\/\" target=\"_blank\">Veritas &#8211; katoli\u010dki magazin<\/a><\/li>\n<li><a href=\"http:\/\/www.verbum.hr\/\" target=\"_blank\">Verbum &#8211; nakladna ku\u0107a<\/a><\/li>\n<\/ul>\n<\/li>\n<li><strong><strong>Katoli\u010dki radio<\/strong><\/strong>\n<ul>\n<li><a href=\"http:\/\/www.hkr.hr\/\" target=\"_blank\">Hrvatski katoli\u010dki radio<\/a><\/li>\n<li><a href=\"http:\/\/www.radiovaticana.org\/cro\/chisiamo.asp\" target=\"_blank\">Radio Vatikan<\/a><\/li>\n<li><a href=\"http:\/\/radiomarija.hr\/\" target=\"_blank\">Radio Marija<\/a><\/li>\n<li><a href=\"http:\/\/www.rmb.hr\/\" target=\"_blank\">Radio Marija Bistrica<\/a><\/li>\n<li><a href=\"http:\/\/www.medjugorje.hr\/hr\/radio\/mir\/\" target=\"_blank\">Radio MIR Me\u0111ugorje<\/a><\/li>\n<\/ul>\n<\/li>\n<li><strong><strong>Katioli\u010dki portali<\/strong><\/strong>\n<ul>\n<li><a href=\"http:\/\/www.raskrizje.com\/\" target=\"_blank\">Raskri\u017eje<\/a><\/li>\n<li><a href=\"http:\/\/www.bitno.net\/\" target=\"_blank\">Bitno.net<\/a><\/li>\n<li><a href=\"http:\/\/www.katolici.org\/\" target=\"_blank\">Katolici na internetu<\/a><\/li>\n<li><a href=\"http:\/\/www.kriz-zivota.com\/\" target=\"_blank\">Kri\u017e \u017eivota &#8211; vjerski portal<\/a><\/li>\n<li><a href=\"http:\/\/www.skac.hr\/\" target=\"_blank\">Studentski katoli\u010dki centar Palma<\/a><\/li>\n<\/ul>\n<\/li>\n<\/ul>\n<p><strong>Duhovnost<\/strong><\/p>\n<ul>\n<li><a href=\"http:\/\/www.katolici.info\" target=\"_blank\">Katolici<\/a><\/li>\n<li><a href=\"http:\/\/www.molitve.info\" target=\"_blank\">Molitve<\/a><\/li>\n<li><a href=\"http:\/\/www.tebe-trazim.com\/\" target=\"_blank\">Tebe tra\u017eim<\/a><\/li>\n<li><a href=\"http:\/\/www.skac.hr\/pavin\/\" target=\"_blank\">Duhovne vje\u017ebe<\/a><\/li>\n<li><a href=\"http:\/\/www.prostorduha.hr\/\" target=\"_blank\">Prostor duha<\/a><\/li>\n<li><a href=\"http:\/\/benedictus.info\/\" target=\"_blank\">Tebe Boga hvalimo<\/a><\/li>\n<li><a href=\"http:\/\/Kustodija.com\">Kustodija<\/a><\/li>\n<\/ul>\n<p><strong>Kalendar i \u010casoslov<\/strong><\/p>\n<ul>\n<li><a href=\"http:\/\/www.katolici.org\/kalendar.php\" target=\"_blank\">Katoli\u010dki kalendar<\/a><\/li>\n<li><a href=\"http:\/\/zrno.fsb.hr\/blago\" target=\"_blank\">Dnevna \u010ditanja i \u010casoslov<\/a><\/li>\n<\/ul>\n<p><strong>Biblija on-line<\/strong><\/p>\n<ul>\n<li><a href=\"http:\/\/www.ks.hr\/biblija.php\" target=\"_blank\">Kr\u0161\u0107anska sada\u0161njost<\/a><\/li>\n<li><a href=\"http:\/\/www.hbk.hr\/biblija\/\" target=\"_blank\">HBK<\/a><\/li>\n<li><a href=\"http:\/\/www.katolici.org\/biblija.php\" target=\"_blank\">katolici.org<\/a><\/li>\n<\/ul>\n<p><strong>Glazba<\/strong><\/p>\n<ul>\n<li><a href=\"http:\/\/www.crkvena-glazba.hr\/\" target=\"_blank\">Crkvena glazba<\/a><\/li>\n<li><a href=\"http:\/\/http\/\/glas-koncila.hr\/cecilija\/\" target=\"_blank\">\u010casopis Sv. Cecilija<\/a><\/li>\n<li><a href=\"http:\/\/www.glas-koncila.hr\/knjizara_tema.html?topic_ID=13&amp;PHPSESSID=c7f\" target=\"_blank\">Audio izdanja Glasa Koncila<\/a><\/li>\n<\/ul>\n<p><strong>Obli\u017enje \u017eupe i sveti\u0161ta<\/strong><\/p>\n<ul>\n<li><a href=\"http:\/\/www.zupa-sv-marka-krizevcanina.hr\/\" target=\"_blank\">Sv. Marka Kri\u017eev\u010danina<\/a><\/li>\n<li><a href=\"http:\/\/www.zupa-svjosip.hr\/\" target=\"_blank\">Sv. Josipa Tre\u0161njevka<\/a><\/li>\n<li><a href=\"http:\/\/www.corpusdomini.hbk.hr\/index.html\" target=\"_blank\">Corpus Domini &#8211; Mo\u0161\u010deni\u0107ka<\/a><\/li>\n<li><a href=\"http:\/\/www.zupa-knezija.hr\/\" target=\"_blank\">Marije Pomo\u0107nice Kne\u017eija<\/a><\/li>\n<li><a href=\"http:\/\/www.sv-antun.hr\/\" target=\"_blank\">Sv. Antuna Padovanskog &#8211; Sv. Duh<\/a><\/li>\n<li><a href=\"http:\/\/http\/\/hr-hr.facebook.com\/pages\/%C5%BDupa-Blagovijesti-Navje%C5%A1tenja-Gospodinova-Vrbani\/128369127216661\" target=\"_blank\">\u017dupa Blagovijesti &#8211; Navje\u0161tenja Gospodinova, Vrbani<\/a><\/li>\n<li><a href=\"http:\/\/zupa-svana.com\/\" target=\"_blank\">Sv. Ane &#8211; Rude\u0161<\/a><\/li>\n<li><a href=\"http:\/\/svetamatislobode.hr\/\" target=\"_blank\">Sveti\u0161te Sv. Mati Slobode<\/a><\/li>\n<li><a href=\"http:\/\/www.svetiste-mbb.hr\" target=\"_blank\">Sveti\u0161te Majke Bo\u017eje Bistri\u010dke<\/a><\/li>\n<\/ul>\n","protected":false},"excerpt":{"rendered":"<p>Katoli\u010dki mediji Agencije Inf. katoli\u010dka agencija IKA Katoli\u010dka tiskovna agencija BIH Katoli\u010dki tisak i izdava\u010dke ku\u0107e Don Bosco danas &#8211; Salezijanski vjesnik Glas Koncila &#8211; katoli\u010dki tjednik i izdava\u010dka ku\u0107a Hrvatski katoli\u010dki zbor &#8220;MI&#8221; Kateheza &#8211; \u010dasopis za vjeronauk Kr\u0161\u0107anska sada\u0161njost\u00a0 Mali koncil &#8211; dje\u010dji mjese\u010dni list Pogled &#8211; katoli\u010dki list za mlade Svjetlo rije\u010di &#8230; <span class=\"more\"><a class=\"more-link\" href=\"http:\/\/www.zupa-leopold-mandic.hr\/?page_id=1549\">Vi\u0161e&#8230;<\/a><\/span><\/p>\n","protected":false},"author":1,"featured_media":0,"parent":0,"menu_order":0,"comment_status":"closed","ping_status":"closed","template":"","meta":{"footnotes":""},"class_list":["entry","page","publish","author-admin","post-1549"],"_links":{"self":[{"href":"http:\/\/www.zupa-leopold-mandic.hr\/index.php?rest_route=\/wp\/v2\/pages\/1549","targetHints":{"allow":["GET"]}}],"collection":[{"href":"http:\/\/www.zupa-leopold-mandic.hr\/index.php?rest_route=\/wp\/v2\/pages"}],"about":[{"href":"http:\/\/www.zupa-leopold-mandic.hr\/index.php?rest_route=\/wp\/v2\/types\/page"}],"author":[{"embeddable":true,"href":"http:\/\/www.zupa-leopold-mandic.hr\/index.php?rest_route=\/wp\/v2\/users\/1"}],"replies":[{"embeddable":true,"href":"http:\/\/www.zupa-leopold-mandic.hr\/index.php?rest_route=%2Fwp%2Fv2%2Fcomments&post=1549"}],"version-history":[{"count":24,"href":"http:\/\/www.zupa-leopold-mandic.hr\/index.php?rest_route=\/wp\/v2\/pages\/1549\/revisions"}],"predecessor-version":[{"id":4852,"href":"http:\/\/www.zupa-leopold-mandic.hr\/index.php?rest_route=\/wp\/v2\/pages\/1549\/revisions\/4852"}],"wp:attachment":[{"href":"http:\/\/www.zupa-leopold-mandic.hr\/index.php?rest_route=%2Fwp%2Fv2%2Fmedia&parent=1549"}],"curies":[{"name":"wp","href":"https:\/\/api.w.org\/{rel}","templated":true}]}}