{"id":3047,"date":"2015-07-03T20:07:24","date_gmt":"2015-07-03T19:07:24","guid":{"rendered":"http:\/\/www.zupa-leopold-mandic.hr\/?page_id=3047"},"modified":"2021-09-06T08:36:14","modified_gmt":"2021-09-06T07:36:14","slug":"raspored-misa","status":"publish","type":"page","link":"http:\/\/www.zupa-leopold-mandic.hr\/?page_id=3047","title":{"rendered":"Raspored misa"},"content":{"rendered":"<h2><b>Raspored svetih misa<\/b><\/h2>\n<p>Ve\u010dernja Sveta misa je u 18.00 sati za vrijeme zimskog ra\u010dunanja vremena odnosno u 19.00 sati za vrijeme ljetnog ra\u010dunanja vremena.<\/p>\n<p><strong>Nedjeljom<\/strong>: 9.00h, 11.00h i 19.00h<span style=\"color: #ff0000;\"><strong>* <\/strong><\/span><strong>(preko ljeta nema mise u 11h)<\/strong><br \/>\n<strong>Radnim danima<\/strong> (od utorka do subote): 19.00h<span style=\"color: #ff0000;\"><strong>*<\/strong><\/span><\/p>\n<p><span style=\"color: #ff0000;\"><strong>*<\/strong><\/span>u zimskom ra\u010dunanju vremena ve\u010dernje mise su pomaknute za 1h unatrag<\/p>\n<p><strong>Krunica<\/strong>: pola sata prije ve\u010dernje Svete mise<br \/>\n<strong>Klanjanje<\/strong>: srijedom pola sata prije ve\u010dernje Svete mise<br \/>\n<strong>Ispovijed<\/strong>: nedjeljom prije mise<\/p>\n<p><strong>Kri\u017eni put<\/strong>: petkom i nedjeljom pola sata prije ve\u010dernje mise (samo u korizmenom vremenu)<\/p>\n<p>&nbsp;<\/p>\n","protected":false},"excerpt":{"rendered":"<p>Raspored svetih misa Ve\u010dernja Sveta misa je u 18.00 sati za vrijeme zimskog ra\u010dunanja vremena odnosno u 19.00 sati za vrijeme ljetnog ra\u010dunanja vremena. Nedjeljom: 9.00h, 11.00h i 19.00h* (preko ljeta nema mise u 11h) Radnim danima (od utorka do subote): 19.00h* *u zimskom ra\u010dunanju vremena ve\u010dernje mise su pomaknute za 1h unatrag Krunica: pola &#8230; <span class=\"more\"><a class=\"more-link\" href=\"http:\/\/www.zupa-leopold-mandic.hr\/?page_id=3047\">Vi\u0161e&#8230;<\/a><\/span><\/p>\n","protected":false},"author":1,"featured_media":0,"parent":0,"menu_order":0,"comment_status":"closed","ping_status":"closed","template":"","meta":{"footnotes":""},"class_list":["entry","page","publish","author-admin","post-3047"],"_links":{"self":[{"href":"http:\/\/www.zupa-leopold-mandic.hr\/index.php?rest_route=\/wp\/v2\/pages\/3047","targetHints":{"allow":["GET"]}}],"collection":[{"href":"http:\/\/www.zupa-leopold-mandic.hr\/index.php?rest_route=\/wp\/v2\/pages"}],"about":[{"href":"http:\/\/www.zupa-leopold-mandic.hr\/index.php?rest_route=\/wp\/v2\/types\/page"}],"author":[{"embeddable":true,"href":"http:\/\/www.zupa-leopold-mandic.hr\/index.php?rest_route=\/wp\/v2\/users\/1"}],"replies":[{"embeddable":true,"href":"http:\/\/www.zupa-leopold-mandic.hr\/index.php?rest_route=%2Fwp%2Fv2%2Fcomments&post=3047"}],"version-history":[{"count":50,"href":"http:\/\/www.zupa-leopold-mandic.hr\/index.php?rest_route=\/wp\/v2\/pages\/3047\/revisions"}],"predecessor-version":[{"id":5109,"href":"http:\/\/www.zupa-leopold-mandic.hr\/index.php?rest_route=\/wp\/v2\/pages\/3047\/revisions\/5109"}],"wp:attachment":[{"href":"http:\/\/www.zupa-leopold-mandic.hr\/index.php?rest_route=%2Fwp%2Fv2%2Fmedia&parent=3047"}],"curies":[{"name":"wp","href":"https:\/\/api.w.org\/{rel}","templated":true}]}}