{"id":3339,"date":"2015-07-17T19:47:15","date_gmt":"2015-07-17T18:47:15","guid":{"rendered":"http:\/\/www.zupa-leopold-mandic.hr\/?page_id=3339"},"modified":"2016-04-26T20:15:03","modified_gmt":"2016-04-26T19:15:03","slug":"molitve-sv-leopoldu","status":"publish","type":"page","link":"http:\/\/www.zupa-leopold-mandic.hr\/?page_id=3339","title":{"rendered":"Molitve Sv. Leopoldu"},"content":{"rendered":"<h3>DEVETNICA SVETOM LEOPOLDU MANDI\u0106U<\/h3>\n<p>Sveti Leopolde Bogdane, Gospodin te je obogatio velikim blagom milosti za one koji se tebi utje\u010du. Molimo te, isprosi nam \u017eivu vjeru i \u017earku ljubav, da uzmognemo biti trajno sjedinjeni s Bogom po njegovoj svetoj milosti. Slava Ocu<\/p>\n<p>Sveti Leopolde Bogdane, tebe je bo\u017eanski Spasitelj u\u010dinio savr\u0161enim oru\u0111em svoga neizmjernog milosr\u0111a u sakramentu pokore. Molimo te, isprosi nam milost, da se \u010desto i dobro ispovijedamo te da \u017eivimo slobodni od svakoga grijeha i postignemo savr\u0161enstvo na koje nas poziva Gospodin. Slava Ocu<\/p>\n<p>Sveti Leopolde Bogdane, ti si izabrana posuda darova Duha Svetoga, koje si obilno izlijevao u brojne du\u0161e. Molimo te, isprosi nam da se oslobodimo od mnogih muka i nevolja koje nas priti\u0161\u0107u i izmoli nam snagu da sve strpljivo nadvladavamo te steknemo zasluge za nebo. Slava Ocu<\/p>\n<p>Sveti Leopolde Bogdane, koji si za svoga zemaljskoga \u017eivota iskazivao nje\u017enu ljubav prema Bla\u017eenoj Djevici Mariji, na\u0161oj dragoj Majci, i za uzvrat bio obdaren mnogim milostima, a sada si s Njom u bla\u017eenstvu, moli je da svrati svoj pogled na na\u0161u bijedu i da se prema nama uvijek poka\u017ee milosrdnom majkom. Zdravo Marijo<\/p>\n<p>Sveti Leopolde Bogdane, koji si uvijek pokazivao veliko razumijevanje za ljudske patnje i utje\u0161io mnoga skr\u0161ena srca, priteci nam u pomo\u0107. U svojoj dobroti nemoj nas napustiti, nego nas utje\u0161i i posreduj nam milost za koju te s velikim pouzdanjem molimo. Amen.<\/p>\n<h3>LITANIJE SV. LEOPOLDU MANDI\u0106U<\/h3>\n<p>Gospodine, smiluj se!<br \/>\nKriste, smiluj se!<br \/>\nGospodine, smiluj se!<br \/>\nKriste, \u010duj nas!<br \/>\nKriste, usli\u0161i nas!<br \/>\nO\u010de nebeski, Bo\u017ee! Smiluj nam se!<br \/>\nSine, Otkupitelju svijeta, Bo\u017ee! Smiluj nam se!<br \/>\nDu\u0161e Sveti, Bo\u017ee! Smiluj nam se!<br \/>\nSveto Trojstvo, jedan Bo\u017ee! Smiluj nam se!<\/p>\n<p>Sveta Marijo, moli za nas!<br \/>\nSveti Leopolde, \u0161tovatelju Majke Bo\u017eje, moli za nas!<br \/>\nSveti Leopolde, ljubitelju Euharistije,<br \/>\nSveti Leopolde, skromni slugo slugu Bo\u017ejih,<br \/>\nSveti Leopolde, juna\u010dki slugo pomirenja,<br \/>\nSveti Leopolde, pregao\u010de ekumenizma,<br \/>\nSveti Leopolde, \u010dinitelju mnogih \u010duda,<br \/>\nSveti Leopolde, uzore sve\u0107enika,<br \/>\nSveti Leopolde, uzore ispovjednika,<br \/>\nSveti Leopolde, uzore redovnika,<br \/>\nSveti Leopolde, uzore molitelja,<br \/>\nSveti Leopolde, uzore pokornika,<br \/>\nSveti Leopolde, uzore poslu\u0161nosti,<br \/>\nSveti Leopolde, uzore poniznosti,<br \/>\nSveti Leopolde, uzore strpljivosti,<br \/>\nSveti Leopolde, uzore pobo\u017enosti,<br \/>\nSveti Leopolde, poznavatelju ljudskih srdaca,<br \/>\nSveti Leopolde, poznavatelju budu\u0107nosti,<br \/>\nSveti Leopolde, voditelju mnogih du\u0161a,<br \/>\nSveti Leopolde, razboriti savjetni\u010de,<br \/>\nSveti Leopolde, prijatelju svih ljudi,<br \/>\nSveti Leopolde, tje\u0161itelju patnika,<br \/>\nSveti Leopolde, tje\u0161itelju o\u010dajnih,<br \/>\nSveti Leopolde, tje\u0161itelju bolesnih,<br \/>\nSveti Leopolde, dobrotvore siroma\u0161nih<br \/>\nSveti Leopolde, branitelju nevinih,<br \/>\nSveti Leopolde, miritelju zava\u0111enih,<br \/>\nSveti Leopolde, ljubitelju svoga roda,<br \/>\nSveti Leopolde, na\u0161 nebeski za\u0161titni\u010de,<\/p>\n<p>Jaganj\u010de Bo\u017eji, koji oduzima\u0161 grijehe svijeta, oprosti nam, Gospodine!<br \/>\nJaganj\u010de Bo\u017eji, koji oduzima\u0161 grijehe svijeta, usli\u0161i nas, Gospodine!<br \/>\nJaganj\u010de Bo\u017eji, koji oduzima\u0161 grijehe svijeta, smiluj nam se, Gospodine!<\/p>\n<p>Moli za nas, sveti Leopolde!<br \/>\nDa dostojni postanemo obe\u0107anja Kristovih!<\/p>\n<p>Pomolimo se. Bo\u017ee, za\u0161titni\u010de i prijatelju poniznih, koji si uzvisio slugu svojega Leopolda Bogdana, u\u010diniv\u0161i ga oru\u0111em svoga milosr\u0111a u sakramentu pokore, daj, ponizno te molimo, da zavrijedimo jednostavnim putem vjere do\u0107i do gledanja tvoga lica u nebu. Po Kristu Gospodinu na\u0161em. Amen.<\/p>\n<h3>Molitva sv. Leopoldu (Angelo kard. Comastri)<\/h3>\n<p>Mali sv. Leopolde, ti si bio gorostas ljubavi: tvoje srce, zajedno s Isusovim, \u017earko je \u017eeljelo jedinstvo svih kr\u0161\u0107ana u samo jednom ov\u010dinjaku, pod jednim pastirom.<\/p>\n<p>Moli za nas, da budemo strpljivi i ustrajni graditelji jedinstva.<\/p>\n<p>Mali sv. Leopolde Ti si bio svjetionik milosr\u0111a: gre\u0161nicima koji su ti prilazili dao si osjetiti Bo\u017eji zagrljaj i radost pra\u0161tanja koje ozdravlja svaku ranu. Moli za nas, da budemo lice I ruke Bo\u017ejeg milosr\u0111a.<\/p>\n<p>Mali sv. Leopolde, ti si bio velik u poniznosti!<br \/>\nZgazio si oholost i kro\u010dio Marijinim stopama, u\u010de\u0107i se od nje vjeri jednostavnih i poslu\u0161nosti heroja.<\/p>\n<p>Moli za nas, da budemo svijetli i ponizni Isusovi slu\u017eitelji!<br \/>\nMali i Veliki sv. Leopolde, priteci nam u pomo\u0107! Amen.<\/p>\n<h3>Molitve za zagovor sv. Leopolda Mandi\u0107a u raznim potrebama<\/h3>\n<h4>MOLITVA ZA LJUBAV ME\u0110U LJUDIMA<\/h4>\n<p>Gospodine Isuse, ti si ljubljeni Sin O\u010dev koji zauvijek \u00abostaje u ljubavi njegovoj\u00bb. Tvoj vjerni nasljedovatelj sveti Leopold Mandi\u0107 iskusio je O\u010devu ljubav i bio je \u00ab\u010dovjek za druge\u00bb i \u00abprijatelj ljudi\u00bb. Daj da po njegovu zagovoru, svi ljudi osjete ljubav Bo\u017eju, da je mogu podijeliti sa svojima u obitelji, donositi onima s kojima se susre\u0107u u \u017eivotu i radu, te da prepoznaju da su po tebi me\u0111usobno bra\u0107a i sestre koje u svim prilikama prati o\u010dev blagoslov. Amen.<br \/>\nO\u010de na\u0161. Zdravo Marijo. Slava Ocu.<\/p>\n<h4>MOLITVA ZA BLAGOSLOV OBITELJI<\/h4>\n<p>Gospodine Isuse Kriste, ti si se rodio kao \u010dovjek i tako si blagoslovio na\u0161e obitelji. Tebe je tvoj sluga sveti Leopold Mandi\u0107 nasljedovao u dje\u010da\u010dkoj i mladena\u010dkoj dobi, te rastao i dozrijevao do odraslog \u010dovjeka kao kr\u0161\u0107anin. Izlij svoj sveti blagoslov na sve na\u0161e obitelji na poseban na\u010din na &lt;osobna nakana&gt; kako bi one postale mjesto skladnog i sretnog \u017eivota te dobrog kr\u0161\u0107anskog odgoja. Na\u0161oj djeci daj pravi izbor zvanja i rast u svakom dobru. Amen.<br \/>\nO\u010de na\u0161. Zdravo Marijo. Slava Ocu.<\/p>\n<h4>MOLITVA ZA OBNOVU NARODA I DOMOVINE<\/h4>\n<p>Dobri O\u010de, zahvaljujemo ti \u0161to si na\u0161em narodu u ovo vrijeme podario slobodu i neovisnost. Ali jo\u0161 uvijek osje\u0107amo da se svi vidici su\u017eivota nisu razvili do te mjere da imamo duhovno i materijalno blagostanje. Po zagovoru svetog Leopolda Mandi\u0107a, koji je isticao da je Kri\u017e snaga obnove, podaj nam jakost Duha da se mo\u017eemo hrabro i odlu\u010dno zalagati za cjelovitu obnovu na\u0161e domovine preuzimaju\u0107i na sebe dragovoljno sve obveze i odgovornosti, te strpljivo grade\u0107i pravednije dru\u0161tvo u kojem \u0107e se ja\u010de osje\u0107ati tvoj o\u010dinski blagoslov. Po Kristu Gospodinu na\u0161em. Amen.<br \/>\nO\u010de na\u0161. Zdravo Marijo. Slava Ocu.<\/p>\n<h4>MOLITVA ZA DUHOVNU OBNOVU<\/h4>\n<p>Du\u0161e Sveti, ti si pokreta\u010d svakog dobra, \u010desto nas iznena\u0111uje\u0161 novim poticajima i nadahnu\u0107ima. A mi smo skloni zanemarivanju, opu\u0161tanju i padovima. Neka nas po zagovoru svetog Leopolda Mandi\u0107a tvoje \u00absveto djelovanje\u00bb stalno pokre\u0107e na duhovnu obnovu kako bi smo u prilikama na\u0161ega \u017eivota i rada bili prepoznatljivi kao kr\u0161\u0107ani. Po Kristu Gospodinu na\u0161em. Amen.<br \/>\nO\u010de na\u0161. Zdravo Marijo. Slava Ocu.<\/p>\n<h4>MOLITVA ZA BLAGOSLOV U RADU<\/h4>\n<p>Gospodine Isuse, \u017eive\u0107i kao \u010dovjek vr\u0161io si razli\u010dite poslove, u Nazaretu si bio tesar, a potom u\u010ditelj \u017eivota i propovjednik Evan\u0111elja. Pokazao si nam da je rad potreba \u017eivota. Molimo te, blagoslovi po zagovoru svetog Leopolda Mandi\u0107a sve na\u0161e poslove i pothvate, da se mo\u017eemo uzdr\u017eavati radom svojih ruku te tako slaviti Boga Oca i unaprje\u0111ivati op\u0107e dobro. Amen.<br \/>\nO\u010de na\u0161. Zdravo Marijo. Slava Ocu.<\/p>\n<h4>MOLITVA ZA BLAGOSLOV BO\u017dJI U PATNJI I BOLESTI<\/h4>\n<p>Dobri O\u010de, Stvoritelju ljudi, po Duhu \u017divotvorcu darovao si nam \u017eivot na kojem ti zahvaljujemo. Tebi je poznato kako nas snalaze mnoge nevolje, kako razli\u010dite bolesti nagrizaju tvoj dar \u017eivota u nama. Po svojoj o\u010dinskoj dobroti, po zaslugama na\u0161eg Spasitelja Isusa Krista, te po zagovoru svetog Leopolda Mandi\u0107a koji je i sam iskusio te\u0161ke bolesti, smiluj nam se u bolestima, pomozi na\u0161em bolesnom bratu \/ sestri &#8230;., blagoslovi na\u0161u patnju i pohodi nas zdravljem du\u0161e i tijela. Hvala ti Gospodine, \u0161to nas usli\u0161ava\u0161 na\u0161e molitve koje ti prinosimo po zagovoru svetog Leopolda Mandi\u0107a. Amen.<br \/>\nO\u010de na\u0161. Zdravo Marijo. Slava Ocu.<\/p>\n<h3><\/h3>\n<h3>Pjesma u \u010dast sv. Leopolda Mandi\u0107a<\/h3>\n<h4>TEBI SLAVU PJEVAMO<\/h4>\n<p>Tebi slavu pjevamo na\u0161eg roda sinu,<br \/>\nkoji krasi\u0161 sveto\u0161\u0107u milu domovinu.<\/p>\n<p>Vi\u0161nji tebe proslavi, ognjem u\u017ega grudi,<br \/>\nLeopolde, s tobom nam zora svijetla rudi.<\/p>\n<p>Obu\u010den u ljiljane siroma\u0161nog Franje,<br \/>\nBogu \u017eivot dariva\u0161, slijede\u0107 bijelo Janje.<\/p>\n<p>Sav se \u017eeli\u0161 predati apostolskom trudu,<br \/>\nslu\u017eit Bo\u017ejem naumu da svi jedno budu.<\/p>\n<p>Stvoritelj te premudri milosno odredi,<br \/>\napostolom biti mu svete ispovijedi.<\/p>\n<h4>Himan<\/h4>\n<p>O Leopolde bla\u017eeni,<br \/>\nTi vjerni slugo Svevi\u0161njeg!<br \/>\nU krilu Crkve Kristove<br \/>\nZa mir, jedinstvo nosi\u0161 stijeg.<\/p>\n<p>Sav Bogu se posve\u0107uje\u0161,<br \/>\nTvoj \u017eivot slava njegova:<br \/>\nA snagu, svjetlo nalazi\u0161<br \/>\nNa gozbi Kralja vjekova.<\/p>\n<p>Kod Bo\u017ejeg srca posrednik,<br \/>\nIzgara\u0161 slu\u017ee\u0107 ljudima;<br \/>\nI boli svih ko prijatelj,<br \/>\nU svojim nosi\u0161 grudima.<\/p>\n<p>Ti u\u010di\u0161 nas da bijedni mi,<br \/>\nKod Oca Majku imamo;<br \/>\nPomozi nam da pripravni,<br \/>\nSve dare po njoj primamo.<\/p>\n<p>O uzore na\u0161 krjeposni,<br \/>\n\u0160to blista\u0161 sjajem svetosti,<br \/>\nZa tobom i\u0107i kroz \u017ertvu,<br \/>\nIsprosi nama smjelosti. Amen.<\/p>\n","protected":false},"excerpt":{"rendered":"<p>DEVETNICA SVETOM LEOPOLDU MANDI\u0106U Sveti Leopolde Bogdane, Gospodin te je obogatio velikim blagom milosti za one koji se tebi utje\u010du. Molimo te, isprosi nam \u017eivu vjeru i \u017earku ljubav, da uzmognemo biti trajno sjedinjeni s Bogom po njegovoj svetoj milosti. Slava Ocu Sveti Leopolde Bogdane, tebe je bo\u017eanski Spasitelj u\u010dinio savr\u0161enim oru\u0111em svoga neizmjernog milosr\u0111a &#8230; <span class=\"more\"><a class=\"more-link\" href=\"http:\/\/www.zupa-leopold-mandic.hr\/?page_id=3339\">Vi\u0161e&#8230;<\/a><\/span><\/p>\n","protected":false},"author":1,"featured_media":0,"parent":0,"menu_order":0,"comment_status":"open","ping_status":"open","template":"","meta":{"footnotes":""},"class_list":["entry","page","publish","author-admin","post-3339"],"_links":{"self":[{"href":"http:\/\/www.zupa-leopold-mandic.hr\/index.php?rest_route=\/wp\/v2\/pages\/3339","targetHints":{"allow":["GET"]}}],"collection":[{"href":"http:\/\/www.zupa-leopold-mandic.hr\/index.php?rest_route=\/wp\/v2\/pages"}],"about":[{"href":"http:\/\/www.zupa-leopold-mandic.hr\/index.php?rest_route=\/wp\/v2\/types\/page"}],"author":[{"embeddable":true,"href":"http:\/\/www.zupa-leopold-mandic.hr\/index.php?rest_route=\/wp\/v2\/users\/1"}],"replies":[{"embeddable":true,"href":"http:\/\/www.zupa-leopold-mandic.hr\/index.php?rest_route=%2Fwp%2Fv2%2Fcomments&post=3339"}],"version-history":[{"count":5,"href":"http:\/\/www.zupa-leopold-mandic.hr\/index.php?rest_route=\/wp\/v2\/pages\/3339\/revisions"}],"predecessor-version":[{"id":4157,"href":"http:\/\/www.zupa-leopold-mandic.hr\/index.php?rest_route=\/wp\/v2\/pages\/3339\/revisions\/4157"}],"wp:attachment":[{"href":"http:\/\/www.zupa-leopold-mandic.hr\/index.php?rest_route=%2Fwp%2Fv2%2Fmedia&parent=3339"}],"curies":[{"name":"wp","href":"https:\/\/api.w.org\/{rel}","templated":true}]}}