{"id":3624,"date":"2015-11-18T20:31:18","date_gmt":"2015-11-18T19:31:18","guid":{"rendered":"http:\/\/www.zupa-leopold-mandic.hr\/?page_id=3624"},"modified":"2018-10-08T07:46:07","modified_gmt":"2018-10-08T06:46:07","slug":"raspored-zupnih-aktivnosti","status":"publish","type":"page","link":"http:\/\/www.zupa-leopold-mandic.hr\/?page_id=3624","title":{"rendered":"Raspored \u017eupnih aktivnosti (i ostalo)"},"content":{"rendered":"<h1>Raspored \u017eupnih aktivnosti<br \/>\n<em><span style=\"font-size: 8pt;\">*a\u017eurirano: listopad 2018. (vrijedi generalno kroz 2018. godinu)<br \/>\n<\/span><\/em><\/h1>\n<table class=\"sakrij\" style=\"width: 498px; height: 549px;\">\n<thead>\n<tr style=\"height: 24px;\">\n<td style=\"text-align: center; width: 85.6px; height: 24px;\"><strong>Dan<\/strong><\/td>\n<td style=\"text-align: center; width: 174.083px; height: 24px;\"><strong>Sadr\u017eaj<\/strong><\/td>\n<td style=\"text-align: center; width: 216.317px; height: 24px;\"><strong>Vrijeme<\/strong><\/td>\n<\/tr>\n<\/thead>\n<tbody>\n<tr style=\"height: 24px;\">\n<td style=\"width: 85.6px; height: 24px;\">Ponedjeljak<\/td>\n<td style=\"width: 174.083px; height: 24px;\">Zornica<\/td>\n<td style=\"width: 216.317px; height: 24px;\">(6 h)<\/td>\n<\/tr>\n<tr style=\"height: 80px;\">\n<td style=\"width: 85.6px; height: 80px;\">Utorak<\/td>\n<td style=\"width: 174.083px; height: 80px;\">Zornica<br \/>\nVe\u010dernja misa<\/td>\n<td style=\"width: 216.317px; height: 80px;\">(6 h)<br \/>\n(18 h)<\/td>\n<\/tr>\n<tr style=\"height: 48px;\">\n<td style=\"width: 85.6px; height: 48px;\">Srijeda<\/td>\n<td style=\"width: 174.083px; height: 48px;\">Zornica<br \/>\nProba <a href=\"http:\/\/www.zupa-leopold-mandic.hr\/?page_id=3854\">mje\u0161ovitog zbora<\/a><\/td>\n<td style=\"width: 216.317px; height: 48px;\">(6 h)<br \/>\n(18 h)<\/td>\n<\/tr>\n<tr style=\"height: 48px;\">\n<td style=\"width: 85.6px; height: 48px;\">\u010cetvrtak<\/td>\n<td style=\"width: 174.083px; height: 48px;\">Zornica<br \/>\nProba zbora mladih<\/td>\n<td style=\"width: 216.317px; height: 48px;\">(6 h)<br \/>\n(20.30 h)<\/td>\n<\/tr>\n<tr style=\"height: 48px;\">\n<td style=\"width: 85.6px; height: 48px;\">Petak<\/td>\n<td style=\"width: 174.083px; height: 48px;\">Zornica<br \/>\nVe\u010dernja misa<\/td>\n<td style=\"width: 216.317px; height: 48px;\">(6 h)<br \/>\n(18 h)<\/td>\n<\/tr>\n<tr style=\"height: 79.8667px;\">\n<td style=\"width: 85.6px; height: 79.8667px;\">Subota<\/td>\n<td style=\"width: 174.083px; height: 79.8667px;\">Zornica<br \/>\nProba <a href=\"http:\/\/www.zupa-leopold-mandic.hr\/?page_id=3844\">dje\u010djeg zbora<\/a><br \/>\nSusret ministranata<\/td>\n<td style=\"width: 216.317px; height: 79.8667px;\">(6 h)<br \/>\n(10 h)<br \/>\n(11 h &#8211; prva subota u mjesecu)<\/td>\n<\/tr>\n<tr style=\"height: 120px;\">\n<td style=\"width: 85.6px; height: 120px;\">Nedjelja<\/td>\n<td style=\"width: 174.083px; height: 120px;\">Misa<br \/>\nProba <a href=\"http:\/\/www.zupa-leopold-mandic.hr\/?page_id=3844\">dje\u010djeg zbora<\/a><br \/>\nMisa<br \/>\nProba <a href=\"http:\/\/www.zupa-leopold-mandic.hr\/?page_id=3845\">zbora mladih<\/a><br \/>\nMisa<\/td>\n<td style=\"width: 216.317px; height: 120px;\">(9 h)<br \/>\n(10.30 h)<br \/>\n(11.30 h)<br \/>\n(17 h)<br \/>\n(18 h)<\/td>\n<\/tr>\n<\/tbody>\n<\/table>\n<p>&nbsp;<\/p>\n<table style=\"width: 545.25px;\">\n<thead>\n<tr>\n<td style=\"text-align: center; width: 83px;\"><strong>Dan<\/strong><\/td>\n<td style=\"text-align: center; width: 205px;\"><strong>Sadr\u017eaj<\/strong><\/td>\n<td style=\"text-align: center; width: 233.25px;\"><strong>Vrijeme<\/strong><\/td>\n<\/tr>\n<\/thead>\n<tbody>\n<tr>\n<td style=\"width: 83px;\">Ponedjeljak<\/td>\n<td style=\"width: 205px;\">(nema ve\u010dernje mise)<\/td>\n<td style=\"width: 233.25px;\">(osim iznimno u 19h)<\/td>\n<\/tr>\n<tr>\n<td style=\"width: 83px;\">Utorak<\/td>\n<td style=\"width: 205px;\">Misa<\/td>\n<td style=\"width: 233.25px;\">(19 h)<\/td>\n<\/tr>\n<tr>\n<td style=\"width: 83px;\">Srijeda<\/td>\n<td style=\"width: 205px;\">Molitva sv. Leopoldu<br \/>\nEuharistijsko klanjanje<br \/>\nMisa<br \/>\nProba <a href=\"http:\/\/www.zupa-leopold-mandic.hr\/?page_id=3854\">mje\u0161ovitog zbora<\/a><\/td>\n<td style=\"width: 233.25px;\">Prije ve\u010dernje mise (18h)<br \/>\nPrije ve\u010dernje mise (18.30h)<br \/>\n(19h)<br \/>\n(20h)<\/td>\n<\/tr>\n<tr>\n<td style=\"width: 83px;\">\u010cetvrtak<\/td>\n<td style=\"width: 205px;\">Ignacijeve duhovne vje\u017ebe<br \/>\nMisa<br \/>\nProba zbora mladih<\/td>\n<td style=\"width: 233.25px;\">(18:30h)<br \/>\n(19h)<br \/>\n(20.30h)<\/td>\n<\/tr>\n<tr>\n<td style=\"width: 83px;\">Petak<\/td>\n<td style=\"width: 205px;\">Kri\u017eni put<br \/>\nMisa<\/td>\n<td style=\"width: 233.25px;\">(17.15h)<br \/>\n(19h)<\/td>\n<\/tr>\n<tr>\n<td style=\"width: 83px;\">Subota<\/td>\n<td style=\"width: 205px;\">Proba <a href=\"http:\/\/www.zupa-leopold-mandic.hr\/?page_id=3844\">dje\u010djeg zbora<\/a><br \/>\nSusret ministranata<br \/>\nMisa<\/td>\n<td style=\"width: 233.25px;\">(9h)<br \/>\n(11h &#8211; prva subota u mjesecu)<br \/>\n(18h)<\/td>\n<\/tr>\n<tr style=\"height: 120px;\">\n<td style=\"width: 83px;\">Nedjelja<\/td>\n<td style=\"width: 205px;\">Misa<br \/>\nProba <a href=\"http:\/\/www.zupa-leopold-mandic.hr\/?page_id=3844\">dje\u010djeg zbora<\/a><br \/>\nMisa<br \/>\nKri\u017eni put<br \/>\nMisa<\/td>\n<td style=\"width: 233.25px;\">(9h)<br \/>\n(10.30h)<br \/>\n(11.30h)<br \/>\n(18.15h)<br \/>\n(19h)<\/td>\n<\/tr>\n<\/tbody>\n<\/table>\n<p><strong>*<\/strong>krunica\u00a0svaki dan pola sata prije ve\u010dernje Svete mise<br \/>\n<strong>*<\/strong>u svibnju i listopadu pobo\u017enost BDM svaki dan pola sata prije ve\u010dernje Svete mise<br \/>\n*za vrijeme korizme kri\u017eni put petkom i nedjeljom 45 minuta prije ve\u010dernje mise<\/p>\n<h3>Caritas<\/h3>\n<ul>\n<li><strong><a href=\"http:\/\/www.zupa-leopold-mandic.hr\/?page_id=4000\">stranica \u017eupnog Caritasa<\/a><\/strong><\/li>\n<li>nema fiksnog termina odr\u017eavanja nego po potrebi<\/li>\n<\/ul>\n<h3>Euharistijsko klanjanje<\/h3>\n<ul>\n<li>srijedom pola sata prije ve\u010dernje Svete mise<\/li>\n<\/ul>\n<h3>Kri\u017eni put<\/h3>\n<ul>\n<li>u korizmi petkom i nedjeljom u 17.15h<\/li>\n<\/ul>\n<h3>Krunica<\/h3>\n<ul>\n<li>\u00a0svaki dan pola sata prije ve\u010dernje Svete mise<\/li>\n<\/ul>\n<h3>Ministranti<\/h3>\n<ul>\n<li>vodi Marko Furjan<\/li>\n<li>susret prve subote u mjesecu od 11.00 do 11:45<\/li>\n<\/ul>\n<h3>Zborovi<\/h3>\n<ul>\n<li><strong>Dje\u010dji zbor <\/strong>(Santo)\n<ul>\n<li><strong><a href=\"http:\/\/www.zupa-leopold-mandic.hr\/?page_id=3844\">stranica dje\u010djeg zbora<\/a><\/strong> (u izradi)<\/li>\n<li>probe subotom u 9.00h i nedjeljom u 10.30h<\/li>\n<li>pjeva nedjeljom na misi u 11.30h<\/li>\n<\/ul>\n<\/li>\n<li><strong>Zbor mladih<\/strong> (Glas Srca)\n<ul>\n<li><strong><a href=\"http:\/\/www.zupa-leopold-mandic.hr\/?page_id=3845\">stranica zbora mladih<\/a><\/strong> (u izradi)<\/li>\n<li>probe \u010detvrtkom u 20.30h<\/li>\n<li>pjeva nedjeljom na ve\u010dernjoj misi<\/li>\n<\/ul>\n<\/li>\n<li><strong>Mje\u0161oviti zbor<\/strong>\n<ul>\n<li><strong><a href=\"http:\/\/www.zupa-leopold-mandic.hr\/?page_id=3854\">stranica mje\u0161ovitog zbora<\/a> <\/strong>(u izradi)<\/li>\n<li>probe srijedom u 20.00h<\/li>\n<li>pjeva nedjeljom na misi u 9h<\/li>\n<\/ul>\n<\/li>\n<\/ul>\n<h3>\u017dupna kateheza<\/h3>\n<ul>\n<li><strong>kateheza za prvopri\u010desnike<\/strong> <strong>i krizmanike<\/strong>\n<ul>\n<li><a href=\"http:\/\/www.zupa-leopold-mandic.hr\/?p=4608\">raspored (2017\/2018)<\/a><\/li>\n<\/ul>\n<\/li>\n<\/ul>\n<p>&nbsp;<\/p>\n<h2 id=\"ostalo\">Ostale aktivnosti<\/h2>\n<table>\n<tbody>\n<tr>\n<td style=\"text-align: center;\"><strong>Sadr\u017eaj<\/strong><\/td>\n<td style=\"text-align: center;\"><strong>Termin<\/strong><\/td>\n<td style=\"text-align: center;\"><strong>Vodi<\/strong><\/td>\n<\/tr>\n<tr>\n<td>Dramska skupina<\/td>\n<td>Petak 19:00-20:30<\/td>\n<td>Udruga &#8220;Ba\u0161 \u010dovjek&#8221;<\/td>\n<\/tr>\n<tr>\n<td>\u0160kola gitare<\/td>\n<td>Ponedjeljak 17:00-18:30<br \/>\nSrijeda 16:30-18:00<br \/>\n18:00-19:30<br \/>\nPetak 17:00-18:00<\/td>\n<td>El Musicante<\/td>\n<\/tr>\n<tr>\n<td>Njema\u010dki jezik<\/td>\n<td>\u010cetvrtak 18.30-20:00<br \/>\n20:00-21:30<\/td>\n<td>prof. Irena Gjergja<\/td>\n<\/tr>\n<\/tbody>\n<\/table>\n<p>&nbsp;<\/p>\n<p>&nbsp;<\/p>\n<p>&nbsp;<\/p>\n","protected":false},"excerpt":{"rendered":"<p>Raspored \u017eupnih aktivnosti *a\u017eurirano: listopad 2018. (vrijedi generalno kroz 2018. godinu) Dan Sadr\u017eaj Vrijeme Ponedjeljak Zornica (6 h) Utorak Zornica Ve\u010dernja misa (6 h) (18 h) Srijeda Zornica Proba mje\u0161ovitog zbora (6 h) (18 h) \u010cetvrtak Zornica Proba zbora mladih (6 h) (20.30 h) Petak Zornica Ve\u010dernja misa (6 h) (18 h) Subota Zornica Proba &#8230; <span class=\"more\"><a class=\"more-link\" href=\"http:\/\/www.zupa-leopold-mandic.hr\/?page_id=3624\">Vi\u0161e&#8230;<\/a><\/span><\/p>\n","protected":false},"author":1,"featured_media":0,"parent":0,"menu_order":0,"comment_status":"closed","ping_status":"closed","template":"","meta":{"footnotes":""},"class_list":["entry","page","publish","author-admin","post-3624"],"_links":{"self":[{"href":"http:\/\/www.zupa-leopold-mandic.hr\/index.php?rest_route=\/wp\/v2\/pages\/3624","targetHints":{"allow":["GET"]}}],"collection":[{"href":"http:\/\/www.zupa-leopold-mandic.hr\/index.php?rest_route=\/wp\/v2\/pages"}],"about":[{"href":"http:\/\/www.zupa-leopold-mandic.hr\/index.php?rest_route=\/wp\/v2\/types\/page"}],"author":[{"embeddable":true,"href":"http:\/\/www.zupa-leopold-mandic.hr\/index.php?rest_route=\/wp\/v2\/users\/1"}],"replies":[{"embeddable":true,"href":"http:\/\/www.zupa-leopold-mandic.hr\/index.php?rest_route=%2Fwp%2Fv2%2Fcomments&post=3624"}],"version-history":[{"count":47,"href":"http:\/\/www.zupa-leopold-mandic.hr\/index.php?rest_route=\/wp\/v2\/pages\/3624\/revisions"}],"predecessor-version":[{"id":4870,"href":"http:\/\/www.zupa-leopold-mandic.hr\/index.php?rest_route=\/wp\/v2\/pages\/3624\/revisions\/4870"}],"wp:attachment":[{"href":"http:\/\/www.zupa-leopold-mandic.hr\/index.php?rest_route=%2Fwp%2Fv2%2Fmedia&parent=3624"}],"curies":[{"name":"wp","href":"https:\/\/api.w.org\/{rel}","templated":true}]}}