{"id":3797,"date":"2016-02-10T22:17:13","date_gmt":"2016-02-10T21:17:13","guid":{"rendered":"http:\/\/www.zupa-leopold-mandic.hr\/?page_id=3797"},"modified":"2019-04-18T18:38:40","modified_gmt":"2019-04-18T17:38:40","slug":"zupni-listici","status":"publish","type":"page","link":"http:\/\/www.zupa-leopold-mandic.hr\/?page_id=3797","title":{"rendered":"\u017dupni listi\u0107i"},"content":{"rendered":"<h2>\u017dupni listi\u0107i<\/h2>\n<p><strong><a href=\"http:\/\/www.zupa-leopold-mandic.hr\/wp-content\/uploads\/2016\/02\/\u017dupni-listi\u0107-ljeto-2018.pdf\">\u017dupni listi\u0107 &#8211; ljeto 2018<\/a><\/strong><\/p>\n<p><strong><span style=\"text-decoration: underline; font-size: 12pt;\"><a href=\"http:\/\/www.zupa-leopold-mandic.hr\/wp-content\/uploads\/2015\/06\/\u017dupni-listi\u0107-Bo\u017ei\u0107-2018.pdf\">\u017dupni listi\u0107 &#8211; Bo\u017ei\u0107 2018<\/a><\/span><\/strong><\/p>\n<p><strong><a href=\"https:\/\/drive.google.com\/open?id=1Ujelr2U6dUIpBaADT6MYBsxAesqsivKv\">\u017dupni listi\u0107 &#8211; Uskrs 2019<\/a><\/strong><\/p>\n\n\n<p><\/p>\n","protected":false},"excerpt":{"rendered":"<p>\u017dupni listi\u0107i \u017dupni listi\u0107 &#8211; ljeto 2018 \u017dupni listi\u0107 &#8211; Bo\u017ei\u0107 2018 \u017dupni listi\u0107 &#8211; Uskrs 2019<\/p>\n","protected":false},"author":1,"featured_media":0,"parent":0,"menu_order":0,"comment_status":"closed","ping_status":"closed","template":"","meta":{"footnotes":""},"class_list":["entry","page","publish","author-admin","post-3797"],"_links":{"self":[{"href":"http:\/\/www.zupa-leopold-mandic.hr\/index.php?rest_route=\/wp\/v2\/pages\/3797","targetHints":{"allow":["GET"]}}],"collection":[{"href":"http:\/\/www.zupa-leopold-mandic.hr\/index.php?rest_route=\/wp\/v2\/pages"}],"about":[{"href":"http:\/\/www.zupa-leopold-mandic.hr\/index.php?rest_route=\/wp\/v2\/types\/page"}],"author":[{"embeddable":true,"href":"http:\/\/www.zupa-leopold-mandic.hr\/index.php?rest_route=\/wp\/v2\/users\/1"}],"replies":[{"embeddable":true,"href":"http:\/\/www.zupa-leopold-mandic.hr\/index.php?rest_route=%2Fwp%2Fv2%2Fcomments&post=3797"}],"version-history":[{"count":14,"href":"http:\/\/www.zupa-leopold-mandic.hr\/index.php?rest_route=\/wp\/v2\/pages\/3797\/revisions"}],"predecessor-version":[{"id":4968,"href":"http:\/\/www.zupa-leopold-mandic.hr\/index.php?rest_route=\/wp\/v2\/pages\/3797\/revisions\/4968"}],"wp:attachment":[{"href":"http:\/\/www.zupa-leopold-mandic.hr\/index.php?rest_route=%2Fwp%2Fv2%2Fmedia&parent=3797"}],"curies":[{"name":"wp","href":"https:\/\/api.w.org\/{rel}","templated":true}]}}