{"id":3813,"date":"2016-02-21T21:38:44","date_gmt":"2016-02-21T20:38:44","guid":{"rendered":"http:\/\/www.zupa-leopold-mandic.hr\/?page_id=3813"},"modified":"2018-09-03T20:54:01","modified_gmt":"2018-09-03T19:54:01","slug":"dobrovoljni-prilog-za-zupu","status":"publish","type":"page","link":"http:\/\/www.zupa-leopold-mandic.hr\/?page_id=3813","title":{"rendered":"Dobrovoljni prilog za \u017eupu"},"content":{"rendered":"<h1>Dobrovoljni prilog za \u017eupu<\/h1>\n<p>Zahvaljujemo Vam na Va\u0161em prilogu.<\/p>\n<p><strong>Broj ra\u010duna (IBAN)<\/strong>: HR4923600001101521109<\/p>\n<p><a href=\"http:\/\/www.zupa-leopold-mandic.hr\/wp-content\/uploads\/2016\/02\/uplatnica-Crkva.jpg\" rel=\"attachment wp-att-3814\"><img loading=\"lazy\" decoding=\"async\" class=\"alignnone wp-image-3814 \" src=\"http:\/\/www.zupa-leopold-mandic.hr\/wp-content\/uploads\/2016\/02\/uplatnica-Crkva.jpg\" alt=\"uplatnica - Crkva\" width=\"558\" height=\"228\" srcset=\"http:\/\/www.zupa-leopold-mandic.hr\/wp-content\/uploads\/2016\/02\/uplatnica-Crkva.jpg 1451w, http:\/\/www.zupa-leopold-mandic.hr\/wp-content\/uploads\/2016\/02\/uplatnica-Crkva-768x313.jpg 768w\" sizes=\"auto, (max-width: 558px) 100vw, 558px\" \/><\/a><\/p>\n<p><span style=\"font-size: 10pt;\">*prilikom pla\u0107anja Internet bankarstvom u IBANu nije potrebno stavljati crticu<\/span><\/p>\n","protected":false},"excerpt":{"rendered":"<p>Dobrovoljni prilog za \u017eupu Zahvaljujemo Vam na Va\u0161em prilogu. Broj ra\u010duna (IBAN): HR4923600001101521109 *prilikom pla\u0107anja Internet bankarstvom u IBANu nije potrebno stavljati crticu<\/p>\n","protected":false},"author":1,"featured_media":0,"parent":0,"menu_order":0,"comment_status":"closed","ping_status":"closed","template":"","meta":{"footnotes":""},"class_list":["entry","page","publish","author-admin","post-3813"],"_links":{"self":[{"href":"http:\/\/www.zupa-leopold-mandic.hr\/index.php?rest_route=\/wp\/v2\/pages\/3813","targetHints":{"allow":["GET"]}}],"collection":[{"href":"http:\/\/www.zupa-leopold-mandic.hr\/index.php?rest_route=\/wp\/v2\/pages"}],"about":[{"href":"http:\/\/www.zupa-leopold-mandic.hr\/index.php?rest_route=\/wp\/v2\/types\/page"}],"author":[{"embeddable":true,"href":"http:\/\/www.zupa-leopold-mandic.hr\/index.php?rest_route=\/wp\/v2\/users\/1"}],"replies":[{"embeddable":true,"href":"http:\/\/www.zupa-leopold-mandic.hr\/index.php?rest_route=%2Fwp%2Fv2%2Fcomments&post=3813"}],"version-history":[{"count":5,"href":"http:\/\/www.zupa-leopold-mandic.hr\/index.php?rest_route=\/wp\/v2\/pages\/3813\/revisions"}],"predecessor-version":[{"id":4823,"href":"http:\/\/www.zupa-leopold-mandic.hr\/index.php?rest_route=\/wp\/v2\/pages\/3813\/revisions\/4823"}],"wp:attachment":[{"href":"http:\/\/www.zupa-leopold-mandic.hr\/index.php?rest_route=%2Fwp%2Fv2%2Fmedia&parent=3813"}],"curies":[{"name":"wp","href":"https:\/\/api.w.org\/{rel}","templated":true}]}}