{"id":3845,"date":"2016-02-29T22:03:28","date_gmt":"2016-02-29T21:03:28","guid":{"rendered":"http:\/\/www.zupa-leopold-mandic.hr\/?page_id=3845"},"modified":"2016-02-29T23:54:13","modified_gmt":"2016-02-29T22:54:13","slug":"zborovi-zbor-mladih","status":"publish","type":"page","link":"http:\/\/www.zupa-leopold-mandic.hr\/?page_id=3845","title":{"rendered":"Aktivnosti &#8211; Zborovi &#8211; Zbor mladih"},"content":{"rendered":"<h1>Zbor mladih Glas srca<\/h1>\n<p>&#8230;uskoro&#8230;<\/p>\n<p><a href=\"http:\/\/www.zupa-leopold-mandic.hr\/wp-content\/uploads\/2016\/02\/zborMladih.jpg\" rel=\"attachment wp-att-3848\"><img loading=\"lazy\" decoding=\"async\" class=\"alignnone wp-image-3848 \" src=\"http:\/\/www.zupa-leopold-mandic.hr\/wp-content\/uploads\/2016\/02\/zborMladih.jpg\" alt=\"zborMladih\" width=\"718\" height=\"538\" srcset=\"http:\/\/www.zupa-leopold-mandic.hr\/wp-content\/uploads\/2016\/02\/zborMladih.jpg 3264w, http:\/\/www.zupa-leopold-mandic.hr\/wp-content\/uploads\/2016\/02\/zborMladih-768x576.jpg 768w\" sizes=\"auto, (max-width: 718px) 100vw, 718px\" \/><\/a><\/p>\n<p>Zbor mladih \u201eGlas srca\u201c osnovan je 1998. godine na blagdan Svih svetih pod vodstvom Zrinke Jakubin, sada Novak Jakubin. Nju je naslijedio Tihomir Drug\u010devi\u0107, kojeg je pak naslijedila Ana Belu\u0161i\u0107, sada Jankovi\u0107. 2013. godine zbor je preuzela Lana Ceraj. Tokom svih tih godina zbor je promijenio pjeva\u010dki i svira\u010dki sastav nekoliko puta, a danas broji 15-ak \u010dlanova koji se sastaju na probama \u010detvrtkom i na nedjeljnim ve\u010dernjim misama. Pjeva\u010dki dio zbora \u010dine srednjo\u0161kolci, studenti i radna mlade\u017e, a na instrumentima nas prate Ivan, Fran i Kre\u0161imir.<\/p>\n<p>Osim na koncertima koje odr\u017eavaju u vlastitoj \u017eupi sudjeluju i odazivaju se pozivima na razna gostovanja u Zagrebu, a i dalje (pa i \u0161ire).<\/p>\n<p><span style=\"text-decoration: underline;\"><span style=\"color: #00ccff;\"><strong><a style=\"color: #00ccff; text-decoration: underline;\" href=\"https:\/\/www.facebook.com\/zmglassrca\">Facebook stranica<\/a><\/strong><\/span><\/span><\/p>\n<p><a href=\"http:\/\/www.zupa-leopold-mandic.hr\/?cat=110\">Posljednje vijesti<\/a><\/p>\n","protected":false},"excerpt":{"rendered":"<p>Zbor mladih Glas srca &#8230;uskoro&#8230; Zbor mladih \u201eGlas srca\u201c osnovan je 1998. godine na blagdan Svih svetih pod vodstvom Zrinke Jakubin, sada Novak Jakubin. Nju je naslijedio Tihomir Drug\u010devi\u0107, kojeg je pak naslijedila Ana Belu\u0161i\u0107, sada Jankovi\u0107. 2013. godine zbor je preuzela Lana Ceraj. Tokom svih tih godina zbor je promijenio pjeva\u010dki i svira\u010dki sastav &#8230; <span class=\"more\"><a class=\"more-link\" href=\"http:\/\/www.zupa-leopold-mandic.hr\/?page_id=3845\">Vi\u0161e&#8230;<\/a><\/span><\/p>\n","protected":false},"author":1,"featured_media":0,"parent":3870,"menu_order":0,"comment_status":"closed","ping_status":"closed","template":"","meta":{"footnotes":""},"class_list":["entry","page","publish","author-admin","post-3845"],"_links":{"self":[{"href":"http:\/\/www.zupa-leopold-mandic.hr\/index.php?rest_route=\/wp\/v2\/pages\/3845","targetHints":{"allow":["GET"]}}],"collection":[{"href":"http:\/\/www.zupa-leopold-mandic.hr\/index.php?rest_route=\/wp\/v2\/pages"}],"about":[{"href":"http:\/\/www.zupa-leopold-mandic.hr\/index.php?rest_route=\/wp\/v2\/types\/page"}],"author":[{"embeddable":true,"href":"http:\/\/www.zupa-leopold-mandic.hr\/index.php?rest_route=\/wp\/v2\/users\/1"}],"replies":[{"embeddable":true,"href":"http:\/\/www.zupa-leopold-mandic.hr\/index.php?rest_route=%2Fwp%2Fv2%2Fcomments&post=3845"}],"version-history":[{"count":3,"href":"http:\/\/www.zupa-leopold-mandic.hr\/index.php?rest_route=\/wp\/v2\/pages\/3845\/revisions"}],"predecessor-version":[{"id":3859,"href":"http:\/\/www.zupa-leopold-mandic.hr\/index.php?rest_route=\/wp\/v2\/pages\/3845\/revisions\/3859"}],"up":[{"embeddable":true,"href":"http:\/\/www.zupa-leopold-mandic.hr\/index.php?rest_route=\/wp\/v2\/pages\/3870"}],"wp:attachment":[{"href":"http:\/\/www.zupa-leopold-mandic.hr\/index.php?rest_route=%2Fwp%2Fv2%2Fmedia&parent=3845"}],"curies":[{"name":"wp","href":"https:\/\/api.w.org\/{rel}","templated":true}]}}