{"id":3870,"date":"2016-02-29T23:53:06","date_gmt":"2016-02-29T22:53:06","guid":{"rendered":"http:\/\/www.zupa-leopold-mandic.hr\/?page_id=3870"},"modified":"2016-02-29T23:53:31","modified_gmt":"2016-02-29T22:53:31","slug":"aktivnosti-zborovi","status":"publish","type":"page","link":"http:\/\/www.zupa-leopold-mandic.hr\/?page_id=3870","title":{"rendered":"Aktivnosti &#8211; Zborovi"},"content":{"rendered":"<h1>Zborovi<\/h1>\n<p>U na\u0161oj \u017eupi aktivno djeluju tri zbora:<\/p>\n<ul>\n<li><a href=\"http:\/\/www.zupa-leopold-mandic.hr\/?page_id=3844\">Dje\u010dji zbor<\/a>\n<ul>\n<li>probe subotom u 10.00h i nedjeljom u 10.30h<\/li>\n<li>pjevaju na nedjeljnoj jutarnjoj misi u 11.30h<\/li>\n<\/ul>\n<\/li>\n<li><a href=\"http:\/\/www.zupa-leopold-mandic.hr\/?page_id=3845\">Zbor mladih<\/a>\n<ul>\n<li>probe \u010detvrtkom u 20.30h<\/li>\n<li>pjevaju na ve\u010dernjoj nedjeljnjoj misi u 18h (19h po ljetnom vremenu)<\/li>\n<\/ul>\n<\/li>\n<li><a href=\"http:\/\/www.zupa-leopold-mandic.hr\/?page_id=3854\">Mje\u0161oviti zbor<\/a>\n<ul>\n<li>probe srijedom u 19h<\/li>\n<li>pjevaju na jutarnjoj nedjeljnoj misi u 9h<\/li>\n<\/ul>\n<\/li>\n<\/ul>\n<p><a href=\"http:\/\/www.zupa-leopold-mandic.hr\/?cat=16\">Najnovije vijesti<\/a><\/p>\n","protected":false},"excerpt":{"rendered":"<p>Zborovi U na\u0161oj \u017eupi aktivno djeluju tri zbora: Dje\u010dji zbor probe subotom u 10.00h i nedjeljom u 10.30h pjevaju na nedjeljnoj jutarnjoj misi u 11.30h Zbor mladih probe \u010detvrtkom u 20.30h pjevaju na ve\u010dernjoj nedjeljnjoj misi u 18h (19h po ljetnom vremenu) Mje\u0161oviti zbor probe srijedom u 19h pjevaju na jutarnjoj nedjeljnoj misi u 9h &#8230; <span class=\"more\"><a class=\"more-link\" href=\"http:\/\/www.zupa-leopold-mandic.hr\/?page_id=3870\">Vi\u0161e&#8230;<\/a><\/span><\/p>\n","protected":false},"author":1,"featured_media":0,"parent":0,"menu_order":0,"comment_status":"closed","ping_status":"closed","template":"","meta":{"footnotes":""},"class_list":["entry","page","publish","author-admin","post-3870"],"_links":{"self":[{"href":"http:\/\/www.zupa-leopold-mandic.hr\/index.php?rest_route=\/wp\/v2\/pages\/3870","targetHints":{"allow":["GET"]}}],"collection":[{"href":"http:\/\/www.zupa-leopold-mandic.hr\/index.php?rest_route=\/wp\/v2\/pages"}],"about":[{"href":"http:\/\/www.zupa-leopold-mandic.hr\/index.php?rest_route=\/wp\/v2\/types\/page"}],"author":[{"embeddable":true,"href":"http:\/\/www.zupa-leopold-mandic.hr\/index.php?rest_route=\/wp\/v2\/users\/1"}],"replies":[{"embeddable":true,"href":"http:\/\/www.zupa-leopold-mandic.hr\/index.php?rest_route=%2Fwp%2Fv2%2Fcomments&post=3870"}],"version-history":[{"count":1,"href":"http:\/\/www.zupa-leopold-mandic.hr\/index.php?rest_route=\/wp\/v2\/pages\/3870\/revisions"}],"predecessor-version":[{"id":3871,"href":"http:\/\/www.zupa-leopold-mandic.hr\/index.php?rest_route=\/wp\/v2\/pages\/3870\/revisions\/3871"}],"wp:attachment":[{"href":"http:\/\/www.zupa-leopold-mandic.hr\/index.php?rest_route=%2Fwp%2Fv2%2Fmedia&parent=3870"}],"curies":[{"name":"wp","href":"https:\/\/api.w.org\/{rel}","templated":true}]}}