{"id":3838,"date":"2016-02-29T21:39:01","date_gmt":"2016-02-29T20:39:01","guid":{"rendered":"http:\/\/www.zupa-leopold-mandic.hr\/?page_id=3838"},"modified":"2016-11-08T20:00:42","modified_gmt":"2016-11-08T19:00:42","slug":"biblijska-skupina","status":"publish","type":"page","link":"https:\/\/www.zupa-leopold-mandic.hr\/?page_id=3838","title":{"rendered":"Aktivnosti &#8211; Biblijska skupina"},"content":{"rendered":"<h1>Biblijska skupina<\/h1>\n<blockquote><p><em>Ako ve\u0107 \u010dita\u0161, ne zaboravi Bibliju.<\/em><br \/>\n<em> U njoj ti jedna re\u010denica mo\u017ee promijeniti \u017eivot.<\/em><br \/>\nSv. Augustin<\/p><\/blockquote>\n<p><a href=\"http:\/\/www.zupa-leopold-mandic.hr\/wp-content\/uploads\/2015\/11\/BIBLIJSKA_plakat_motiv2.jpg\"><img loading=\"lazy\" decoding=\"async\" class=\"alignnone wp-image-3643\" src=\"http:\/\/www.zupa-leopold-mandic.hr\/wp-content\/uploads\/2015\/11\/BIBLIJSKA_plakat_motiv2.jpg\" alt=\"BIBLIJSKA_plakat_motiv2\" width=\"511\" height=\"340\" \/><\/a><\/p>\n<p><strong>U osnivanju je Obiteljska zajednica, uskoro detalji.<\/strong><\/p>\n<p><span style=\"font-size: 8pt;\">Susreti se svakog \u010detvrtka odr\u017eavaju u na\u0161oj \u017eupi nakon ve\u010dernje sv. Mise, u dvorani pored \u017eupnog ureda.<\/span><\/p>\n<p><span style=\"font-size: 8pt;\">Na susrete, protkane molitvom, Bo\u017eanskim \u010ditanjem Svetog pisma (lectio divina), obja\u0161njenjem pojedinih biblijskih doga\u0111aja te dijeljenjem vlastitih do\u017eivljaja pro\u010ditanog biblijskog teksta, svi su pozvani bez obzira na dob.<\/span><\/p>\n<p>Voditelj susreta je trajni \u0111akon Stipe \u0160ari\u0107.<\/p>\n<p><strong>Kontakt:<\/strong><br \/>\nStipe \u0160ari\u0107, trajni \u0111akon<br \/>\nEmail: <a href=\"mailto:ssaric2@net.amis.hr\">ssaric2@net.amis.hr<\/a> ili <a href=\"mailto:zupa.leopold.mandic@gmail.com\">zupa.leopold.mandic@gmail.com<\/a><\/p>\n<p><a href=\"http:\/\/www.zupa-leopold-mandic.hr\/?cat=23\">Posljednje vijesti<\/a><\/p>\n","protected":false},"excerpt":{"rendered":"<p>Biblijska skupina Ako ve\u0107 \u010dita\u0161, ne zaboravi Bibliju. U njoj ti jedna re\u010denica mo\u017ee promijeniti \u017eivot. Sv. Augustin U osnivanju je Obiteljska zajednica, uskoro detalji. Susreti se svakog \u010detvrtka odr\u017eavaju u na\u0161oj \u017eupi nakon ve\u010dernje sv. Mise, u dvorani pored \u017eupnog ureda. Na susrete, protkane molitvom, Bo\u017eanskim \u010ditanjem Svetog pisma (lectio divina), obja\u0161njenjem pojedinih biblijskih &#8230; <span class=\"more\"><a class=\"more-link\" href=\"https:\/\/www.zupa-leopold-mandic.hr\/?page_id=3838\">Vi\u0161e&#8230;<\/a><\/span><\/p>\n","protected":false},"author":1,"featured_media":0,"parent":0,"menu_order":0,"comment_status":"closed","ping_status":"closed","template":"","meta":{"footnotes":""},"class_list":["entry","page","publish","author-admin","post-3838"],"_links":{"self":[{"href":"https:\/\/www.zupa-leopold-mandic.hr\/index.php?rest_route=\/wp\/v2\/pages\/3838","targetHints":{"allow":["GET"]}}],"collection":[{"href":"https:\/\/www.zupa-leopold-mandic.hr\/index.php?rest_route=\/wp\/v2\/pages"}],"about":[{"href":"https:\/\/www.zupa-leopold-mandic.hr\/index.php?rest_route=\/wp\/v2\/types\/page"}],"author":[{"embeddable":true,"href":"https:\/\/www.zupa-leopold-mandic.hr\/index.php?rest_route=\/wp\/v2\/users\/1"}],"replies":[{"embeddable":true,"href":"https:\/\/www.zupa-leopold-mandic.hr\/index.php?rest_route=%2Fwp%2Fv2%2Fcomments&post=3838"}],"version-history":[{"count":7,"href":"https:\/\/www.zupa-leopold-mandic.hr\/index.php?rest_route=\/wp\/v2\/pages\/3838\/revisions"}],"predecessor-version":[{"id":4383,"href":"https:\/\/www.zupa-leopold-mandic.hr\/index.php?rest_route=\/wp\/v2\/pages\/3838\/revisions\/4383"}],"wp:attachment":[{"href":"https:\/\/www.zupa-leopold-mandic.hr\/index.php?rest_route=%2Fwp%2Fv2%2Fmedia&parent=3838"}],"curies":[{"name":"wp","href":"https:\/\/api.w.org\/{rel}","templated":true}]}}